{"id":907,"date":"2024-03-10T17:51:04","date_gmt":"2024-03-10T16:51:04","guid":{"rendered":"https:\/\/plumecachette.fr\/?page_id=907"},"modified":"2025-03-16T11:47:46","modified_gmt":"2025-03-16T10:47:46","slug":"tarifs-2","status":"publish","type":"page","link":"https:\/\/plumecachette.fr\/index.php\/tarifs-2\/","title":{"rendered":"Tarifs"},"content":{"rendered":"\t\t<div data-elementor-type=\"wp-page\" data-elementor-id=\"907\" class=\"elementor elementor-907\">\n\t\t\t\t<div class=\"elementor-element elementor-element-11cece6d e-flex e-con-boxed e-con e-parent\" data-id=\"11cece6d\" data-element_type=\"container\">\n\t\t\t\t\t<div class=\"e-con-inner\">\n\t\t\t\t<div class=\"elementor-element elementor-element-436b877 elementor-widget elementor-widget-text-editor\" data-id=\"436b877\" data-element_type=\"widget\" data-widget_type=\"text-editor.default\">\n\t\t\t\t<div class=\"elementor-widget-container\">\n\t\t\t\t\t\t\t\t\t<div data-colibri-id=\"907-c1\" class=\"style-270 style-local-907-c1 position-relative\">\n  <!----><p><\/p>\n<div data-colibri-component=\"section\" data-colibri-id=\"907-c2\" id=\"custom\" class=\"h-section h-section-global-spacing d-flex align-items-lg-center align-items-md-center align-items-center style-271 style-local-907-c2 position-relative\">\n    <!----><br>    <!----><p><\/p>\n<div class=\"h-section-grid-container h-section-boxed-container\">\n      <!----><p><\/p>\n<div data-colibri-id=\"907-c3\" class=\"h-row-container gutters-row-lg-2 gutters-row-md-2 gutters-row-0 gutters-row-v-lg-2 gutters-row-v-md-2 gutters-row-v-2 style-296 style-local-907-c3 position-relative\">\n        <!----><p><\/p>\n<div class=\"h-row justify-content-lg-center justify-content-md-center justify-content-center align-items-lg-stretch align-items-md-stretch align-items-stretch gutters-col-lg-2 gutters-col-md-2 gutters-col-0 gutters-col-v-lg-2 gutters-col-v-md-2 gutters-col-v-2\">\n          <!----><p><\/p>\n<div class=\"h-column h-column-container d-flex h-col-lg-auto h-col-md-auto h-col-auto style-297-outer style-local-907-c4-outer\">\n<div data-colibri-id=\"907-c4\" class=\"d-flex h-flex-basis h-column__inner h-px-lg-2 h-px-md-2 h-px-2 v-inner-lg-2 v-inner-md-2 v-inner-2 style-297 style-local-907-c4 position-relative\">\n              <!----><br>              <!----><p><\/p>\n<div class=\"w-100 h-y-container h-column__content h-column__v-align flex-basis-100 align-self-lg-start align-self-md-start align-self-start\">\n                <!----><p><\/p>\n<div data-colibri-id=\"907-c5\" class=\"d-block style-298 style-local-907-c5 position-relative h-element\">\n                  <!----><p><\/p>\n<div class=\"h-image__frame-container-outer\">\n<div class=\"h-image__frame-container\">\n                      <!----><br>                      <!----><br>                      <img decoding=\"async\" src=\"https:\/\/plumecachette.fr\/wp-content\/uploads\/2024\/03\/cropped-PC700x700Transparent-150x150.png\" class=\"style-298-image style-local-907-c5-image\"><p><\/p>\n<div class=\"h-image__frame h-hide-lg h-hide-md h-hide-sm style-298-frameImage style-local-907-c5-frameImage\"><\/div>\n<\/div>\n<\/div>\n<\/div>\n<\/div>\n<\/div>\n<\/div>\n<\/div>\n<\/div>\n<div data-colibri-id=\"907-c6\" class=\"h-row-container gutters-row-lg-2 gutters-row-md-2 gutters-row-0 gutters-row-v-lg-2 gutters-row-v-md-2 gutters-row-v-2 style-274 style-local-907-c6 position-relative\">\n        <!----><p><\/p>\n<div class=\"h-row justify-content-lg-center justify-content-md-center justify-content-center align-items-lg-stretch align-items-md-stretch align-items-stretch gutters-col-lg-2 gutters-col-md-2 gutters-col-0 gutters-col-v-lg-2 gutters-col-v-md-2 gutters-col-v-2\">\n          <!----><p><\/p>\n<div class=\"h-column h-column-container d-flex h-col-lg-auto h-col-md-auto h-col-auto style-275-outer style-local-907-c7-outer\">\n<div data-colibri-id=\"907-c7\" class=\"d-flex h-flex-basis h-column__inner h-px-lg-2 h-px-md-2 h-px-2 v-inner-lg-2 v-inner-md-2 v-inner-2 style-275 style-local-907-c7 position-relative\">\n              <!----><br>              <!----><p><\/p>\n<div class=\"w-100 h-y-container h-column__content h-column__v-align flex-basis-100 align-self-lg-start align-self-md-start align-self-start\">\n                <!----><p><\/p>\n<div data-colibri-id=\"907-c8\" class=\"h-text h-text-component style-276 style-local-907-c8 position-relative h-element\">\n                  <!----><br>                  <!----><p><\/p>\n<div class=\"\">\n<p>Nous ne facturons pas de frais de m\u00e9nage et apportons le plus grand soin \u00e0 la pr\u00e9paration de chaque s\u00e9jour. En retour, n<span style=\"color: rgb(70, 112, 127); font-family: &quot;Open Sans&quot;; font-size: 16px; font-weight: 400;\">ous attendons&nbsp;<\/span>que<br>                      les voyageurs laisse le studio aussi propre que possible apr\u00e8s leur passage.<\/p>\n<ul>\n<li>Nuit\u00e9e \u00e0 partir de 80\u20ac&nbsp;<\/li>\n<li>Semaine \u00e0 partir de 450\u20ac<\/li>\n<li>Pour plus de d\u00e9tails, n\u2019h\u00e9sitez pas \u00e0 nous consulter via le&nbsp;<br>                        <a href=\"https:\/\/plumecachette.fr\/index.php\/nouscontacter\" style=\"color: rgb(3, 169, 244); font-size: 1em; font-weight: 400; font-family: &quot;Open Sans&quot;;\">formulaire de contact.<\/a>\n                      <\/li>\n<li>Les tarifs s\u2019entendent sur la base de 2 adultes (pas de r\u00e9duction pour personne seule).<\/li>\n<li>Les animaux ne sont pas admis.<\/li>\n<li>Le logement n\u2019est pas adapt\u00e9 pour un s\u00e9jour pour 3 adultes pour plus d\u2019une nuit.<\/li><li>Lit parapluie, chaise haute et baignoire b\u00e9b\u00e9 disponibles sur demande sans suppl\u00e9ment.<\/li>\n<\/ul>\n<p>\n                      <br>                    <\/p>\n<\/div>\n<\/div>\n<\/div>\n<\/div>\n<\/div>\n<\/div>\n<\/div>\n<div data-colibri-id=\"907-c9\" class=\"h-row-container gutters-row-lg-2 gutters-row-md-2 gutters-row-0 gutters-row-v-lg-2 gutters-row-v-md-2 gutters-row-v-2 style-272 style-local-907-c9 position-relative\">\n        <!----><p><\/p>\n<div class=\"h-row justify-content-lg-center justify-content-md-center justify-content-center align-items-lg-stretch align-items-md-stretch align-items-stretch gutters-col-lg-2 gutters-col-md-2 gutters-col-0 gutters-col-v-lg-2 gutters-col-v-md-2 gutters-col-v-2\">\n          <!----><p><\/p>\n<div class=\"h-column h-column-container d-flex h-col-lg-auto h-col-md-auto h-col-auto style-273-outer style-local-907-c10-outer\">\n<div data-colibri-id=\"907-c10\" class=\"d-flex h-flex-basis h-column__inner h-ui-empty-state-container h-px-lg-2 h-px-md-2 h-px-2 v-inner-lg-2 v-inner-md-2 v-inner-2 style-273 style-local-907-c10 position-relative\">\n              <!----><br>              <!----><p><\/p>\n<div class=\"w-100 h-y-container h-column__content h-column__v-align flex-basis-100\">\n                <!---->\n              <\/div>\n<\/div>\n<\/div>\n<\/div>\n<\/div>\n<\/div>\n<\/div>\n<\/div>\t\t\t\t\t\t\t\t<\/div>\n\t\t\t\t<\/div>\n\t\t\t\t\t<\/div>\n\t\t\t\t<\/div>\n\t\t\t\t<\/div>\n\t\t","protected":false},"excerpt":{"rendered":"<p>Nous ne facturons pas de frais de m\u00e9nage et apportons le plus grand soin \u00e0 la pr\u00e9paration de chaque s\u00e9jour. En retour, nous attendons&nbsp;que les voyageurs laisse le studio aussi propre que possible apr\u00e8s leur passage. Nuit\u00e9e \u00e0 partir de 80\u20ac&nbsp; Semaine \u00e0 partir de 450\u20ac Pour plus de d\u00e9tails, n\u2019h\u00e9sitez pas \u00e0 nous consulter [&hellip;]<\/p>\n","protected":false},"author":1,"featured_media":0,"parent":0,"menu_order":0,"comment_status":"closed","ping_status":"closed","template":"page-templates\/full-width-page.php","meta":{"footnotes":""},"class_list":["post-907","page","type-page","status-publish","hentry"],"_links":{"self":[{"href":"https:\/\/plumecachette.fr\/index.php\/wp-json\/wp\/v2\/pages\/907","targetHints":{"allow":["GET"]}}],"collection":[{"href":"https:\/\/plumecachette.fr\/index.php\/wp-json\/wp\/v2\/pages"}],"about":[{"href":"https:\/\/plumecachette.fr\/index.php\/wp-json\/wp\/v2\/types\/page"}],"author":[{"embeddable":true,"href":"https:\/\/plumecachette.fr\/index.php\/wp-json\/wp\/v2\/users\/1"}],"replies":[{"embeddable":true,"href":"https:\/\/plumecachette.fr\/index.php\/wp-json\/wp\/v2\/comments?post=907"}],"version-history":[{"count":9,"href":"https:\/\/plumecachette.fr\/index.php\/wp-json\/wp\/v2\/pages\/907\/revisions"}],"predecessor-version":[{"id":1521,"href":"https:\/\/plumecachette.fr\/index.php\/wp-json\/wp\/v2\/pages\/907\/revisions\/1521"}],"wp:attachment":[{"href":"https:\/\/plumecachette.fr\/index.php\/wp-json\/wp\/v2\/media?parent=907"}],"curies":[{"name":"wp","href":"https:\/\/api.w.org\/{rel}","templated":true}]}}