{"id":358,"date":"2024-02-25T18:30:58","date_gmt":"2024-02-25T17:30:58","guid":{"rendered":"https:\/\/plumecachette.fr\/?page_id=358"},"modified":"2024-03-10T18:07:20","modified_gmt":"2024-03-10T17:07:20","slug":"que-faire-dans-la-region","status":"publish","type":"page","link":"https:\/\/plumecachette.fr\/index.php\/que-faire-dans-la-region\/","title":{"rendered":"A faire dans la r\u00e9gion"},"content":{"rendered":"\n<div class=\"wp-block-media-text is-stacked-on-mobile\" style=\"grid-template-columns:15% auto\"><figure class=\"wp-block-media-text__media\"><a href=\"https:\/\/tourisme.coeurdesavoie.fr\/\" target=\"_blank\" rel=\"noreferrer noopener\"><img decoding=\"async\" width=\"165\" height=\"75\" src=\"http:\/\/plumecachette.fr\/wp-content\/uploads\/2024\/02\/logo-color-166x75-1.png\" alt=\"\" class=\"wp-image-383 size-full\"\/><\/a><\/figure><div class=\"wp-block-media-text__content\">\n<p><\/p>\n<\/div><\/div>\n\n\n\n<p><\/p>\n\n\n\n<p><strong>A proximit\u00e9 :<\/strong><br>Parapente (Montlambert)<br>V\u00e9loroute V62 reliant Annecy \u00e0 Montm\u00e9lian<br>D\u00e9parts de balades et randonn\u00e9es dans le G\u00e9oparc du Massif des Bauges<br>Nombreux lacs et plans d\u2019eau<br>Sur la route des Vins de Savoie<br>WamPark<br>Ski \u00e0 moins d\u2019une heure de route (Tarentaise, Maurienne, Beaufortain)<br>Mus\u00e9es : Grand Filon, Village-Mus\u00e9e de la Combe de Savoie, mus\u00e9e savoisien, des beaux-arts\u2026 (Chamb\u00e9ry-centre \u00e0 30 minutes)<\/p>\n","protected":false},"excerpt":{"rendered":"<p>A proximit\u00e9 :Parapente (Montlambert)V\u00e9loroute V62 reliant Annecy \u00e0 Montm\u00e9lianD\u00e9parts de balades et randonn\u00e9es dans le G\u00e9oparc du Massif des BaugesNombreux lacs et plans d\u2019eauSur la route des Vins de SavoieWamParkSki \u00e0 moins d\u2019une heure de route (Tarentaise, Maurienne, Beaufortain)Mus\u00e9es : Grand Filon, Village-Mus\u00e9e de la Combe de Savoie, mus\u00e9e savoisien, des beaux-arts\u2026 (Chamb\u00e9ry-centre \u00e0 30 [&hellip;]<\/p>\n","protected":false},"author":1,"featured_media":0,"parent":0,"menu_order":0,"comment_status":"closed","ping_status":"closed","template":"","meta":{"footnotes":""},"class_list":["post-358","page","type-page","status-publish","hentry"],"_links":{"self":[{"href":"https:\/\/plumecachette.fr\/index.php\/wp-json\/wp\/v2\/pages\/358","targetHints":{"allow":["GET"]}}],"collection":[{"href":"https:\/\/plumecachette.fr\/index.php\/wp-json\/wp\/v2\/pages"}],"about":[{"href":"https:\/\/plumecachette.fr\/index.php\/wp-json\/wp\/v2\/types\/page"}],"author":[{"embeddable":true,"href":"https:\/\/plumecachette.fr\/index.php\/wp-json\/wp\/v2\/users\/1"}],"replies":[{"embeddable":true,"href":"https:\/\/plumecachette.fr\/index.php\/wp-json\/wp\/v2\/comments?post=358"}],"version-history":[{"count":9,"href":"https:\/\/plumecachette.fr\/index.php\/wp-json\/wp\/v2\/pages\/358\/revisions"}],"predecessor-version":[{"id":920,"href":"https:\/\/plumecachette.fr\/index.php\/wp-json\/wp\/v2\/pages\/358\/revisions\/920"}],"wp:attachment":[{"href":"https:\/\/plumecachette.fr\/index.php\/wp-json\/wp\/v2\/media?parent=358"}],"curies":[{"name":"wp","href":"https:\/\/api.w.org\/{rel}","templated":true}]}}